{"id":6728,"date":"2024-03-08T19:08:12","date_gmt":"2024-03-08T15:38:12","guid":{"rendered":"https:\/\/dr-kaviani.com\/prende-rendez-vous\/"},"modified":"2025-12-27T21:22:06","modified_gmt":"2025-12-27T17:52:06","slug":"prende-rendez-vous","status":"publish","type":"page","link":"https:\/\/dr-kaviani.com\/fr\/prende-rendez-vous\/","title":{"rendered":"Prende Rendez-vous"},"content":{"rendered":"\t\t<div data-elementor-type=\"wp-page\" data-elementor-id=\"6728\" class=\"elementor elementor-6728 elementor-5672\">\n\t\t\t\t\t\t\t\t\t<section class=\"wd-negative-gap elementor-section elementor-top-section elementor-element elementor-element-1977d7e elementor-section-boxed elementor-section-height-default elementor-section-height-default wd-section-disabled\" data-id=\"1977d7e\" data-element_type=\"section\">\n\t\t\t\t\t\t<div class=\"elementor-container elementor-column-gap-default\">\n\t\t\t\t\t<div class=\"elementor-column elementor-col-100 elementor-top-column elementor-element elementor-element-2dc1623\" data-id=\"2dc1623\" data-element_type=\"column\">\n\t\t\t<div class=\"elementor-widget-wrap elementor-element-populated\">\n\t\t\t\t\t\t\t\t<div class=\"elementor-element elementor-element-047cdaa elementor-widget elementor-widget-wd_text_block\" data-id=\"047cdaa\" data-element_type=\"widget\" data-widget_type=\"wd_text_block.default\">\n\t\t\t\t<div class=\"elementor-widget-container\">\n\t\t\t\t\t<div class=\"wd-text-block reset-last-child text-left\">\n\t\t\t\n\t\t\t<style>\r\n.appointment-cards {\r\n  display: grid;\r\n  grid-template-columns: repeat(auto-fit, minmax(280px, 1fr));\r\n  gap: 24px;\r\n  margin: 40px 0;\r\n  font-family: Arial, sans-serif;\r\n}\r\n\r\n.appointment-card {\r\n  background: #ffffff;\r\n  border-radius: 16px;\r\n  padding: 32px;\r\n  box-shadow: 0 10px 30px rgba(0,0,0,0.08);\r\n  text-align: center;\r\n  transition: transform .3s ease, box-shadow .3s ease;\r\n}\r\n\r\n.appointment-card:hover {\r\n  transform: translateY(-6px);\r\n  box-shadow: 0 20px 40px rgba(0,0,0,0.12);\r\n}\r\n\r\n.appointment-card .icon {\r\n  font-size: 48px;\r\n  margin-bottom: 16px;\r\n}\r\n\r\n.appointment-card h3 {\r\n  font-size: 22px;\r\n  margin-bottom: 12px;\r\n  color: #222;\r\n}\r\n\r\n.appointment-card p {\r\n  font-size: 15px;\r\n  line-height: 1.6;\r\n  margin-bottom: 24px;\r\n  color: #555;\r\n}\r\n\r\n.appointment-card .btn {\r\n  display: inline-block;\r\n  padding: 12px 26px;\r\n  border-radius: 30px;\r\n  font-weight: 600;\r\n  text-decoration: none;\r\n  color: #fff;\r\n  background: #1e4fd7;\r\n}\r\n\r\n.appointment-card.new .btn {\r\n  background: #e91e63;\r\n}\r\n\r\n.appointment-card small {\r\n  display: block;\r\n  margin-top: 8px;\r\n  color: #777;\r\n}\r\n<\/style>\r\n\r\n<div class=\"appointment-cards\">\r\n\r\n  <div class=\"appointment-card established\">\r\n    <div class=\"icon\">\ud83d\udc69<\/div>\r\n    <h3>Patients d\u00e9j\u00e0 suivis (patients en suivi)<\/h3>\r\n    <p>\r\n      Si vous avez d\u00e9j\u00e0 consult\u00e9 le Dr Kaviani et que vous \u00eates actuellement en suivi, veuillez appeler le 514-890-8282 pour prendre rendez-vous.\r\n    <\/p>\r\n    <a href=\"tel:+15148908282\" class=\"btn\">\r\n      Appeler le 514-890-8282\r\n    <\/a>\r\n  <\/div>\r\n\r\n  <div class=\"appointment-card new\">\r\n    <div class=\"icon\">\ud83d\udc69<\/div>\r\n    <h3>Nouveaux patients<\/h3>\r\n    <p>\r\n      Si vous souhaitez obtenir un premier rendez-vous, veuillez appeler le 514-890-8000, poste 26607.\r\n      <small>Les patientes nouvellement diagnostiqu\u00e9es d\u2019un cancer du sein, sur la base d\u2019un rapport de pathologie, n\u2019ont pas besoin d\u2019une lettre de r\u00e9f\u00e9rence.<\/small>\r\n    <\/p>\r\n    <a href=\"tel:+15148908000\" class=\"btn\">\r\n      Appeler le 514-890-8000 poste 26607\r\n    <\/a>\r\n  <\/div>\r\n\r\n<\/div>\r\n\n\t\t\t\t\t<\/div>\n\t\t\t\t<\/div>\n\t\t\t\t<\/div>\n\t\t\t\t\t<\/div>\n\t\t<\/div>\n\t\t\t\t\t\t\t<\/div>\n\t\t<\/section>\n\t\t\t\t\t\t\t<\/div>\n\t\t","protected":false},"excerpt":{"rendered":"<p>\ud83d\udc69 Patients d\u00e9j\u00e0 suivis (patients en suivi) Si vous avez d\u00e9j\u00e0 consult\u00e9 le Dr Kaviani et que vous \u00eates actuellement<\/p>\n","protected":false},"author":1,"featured_media":0,"parent":0,"menu_order":0,"comment_status":"closed","ping_status":"closed","template":"","meta":{"_acf_changed":false,"_monsterinsights_skip_tracking":false,"_monsterinsights_sitenote_active":false,"_monsterinsights_sitenote_note":"","_monsterinsights_sitenote_category":0,"footnotes":""},"class_list":["post-6728","page","type-page","status-publish","hentry"],"acf":[],"aioseo_notices":[],"_links":{"self":[{"href":"https:\/\/dr-kaviani.com\/fr\/wp-json\/wp\/v2\/pages\/6728","targetHints":{"allow":["GET"]}}],"collection":[{"href":"https:\/\/dr-kaviani.com\/fr\/wp-json\/wp\/v2\/pages"}],"about":[{"href":"https:\/\/dr-kaviani.com\/fr\/wp-json\/wp\/v2\/types\/page"}],"author":[{"embeddable":true,"href":"https:\/\/dr-kaviani.com\/fr\/wp-json\/wp\/v2\/users\/1"}],"replies":[{"embeddable":true,"href":"https:\/\/dr-kaviani.com\/fr\/wp-json\/wp\/v2\/comments?post=6728"}],"version-history":[{"count":9,"href":"https:\/\/dr-kaviani.com\/fr\/wp-json\/wp\/v2\/pages\/6728\/revisions"}],"predecessor-version":[{"id":9465,"href":"https:\/\/dr-kaviani.com\/fr\/wp-json\/wp\/v2\/pages\/6728\/revisions\/9465"}],"wp:attachment":[{"href":"https:\/\/dr-kaviani.com\/fr\/wp-json\/wp\/v2\/media?parent=6728"}],"curies":[{"name":"wp","href":"https:\/\/api.w.org\/{rel}","templated":true}]}}