{"id":9186,"date":"2025-11-17T08:58:50","date_gmt":"2025-11-17T05:28:50","guid":{"rendered":"https:\/\/dr-kaviani.com\/faire-un-don-a-la-recherche-sur-le-cancer-du-sein\/"},"modified":"2025-11-17T10:18:26","modified_gmt":"2025-11-17T06:48:26","slug":"faire-un-don-a-la-recherche-sur-le-cancer-du-sein","status":"publish","type":"page","link":"https:\/\/dr-kaviani.com\/fr\/faire-un-don-a-la-recherche-sur-le-cancer-du-sein\/","title":{"rendered":"Faire un don \u00e0 la recherche sur le cancer du sein"},"content":{"rendered":"\t\t<div data-elementor-type=\"wp-page\" data-elementor-id=\"9186\" class=\"elementor elementor-9186 elementor-9180\">\n\t\t\t\t\t\t\t\t\t<section class=\"wd-negative-gap elementor-section elementor-top-section elementor-element elementor-element-1c93c0a elementor-section-boxed elementor-section-height-default elementor-section-height-default wd-section-disabled\" data-id=\"1c93c0a\" data-element_type=\"section\">\n\t\t\t\t\t\t<div class=\"elementor-container elementor-column-gap-default\">\n\t\t\t\t\t<div class=\"elementor-column elementor-col-100 elementor-top-column elementor-element elementor-element-83c7b57\" data-id=\"83c7b57\" data-element_type=\"column\">\n\t\t\t<div class=\"elementor-widget-wrap elementor-element-populated\">\n\t\t\t\t\t\t\t\t<div class=\"elementor-element elementor-element-718f04b elementor-widget elementor-widget-wd_text_block\" data-id=\"718f04b\" data-element_type=\"widget\" data-widget_type=\"wd_text_block.default\">\n\t\t\t\t<div class=\"elementor-widget-container\">\n\t\t\t\t\t<div class=\"wd-text-block reset-last-child text-left\">\n\t\t\t\n\t\t\t<section class=\"donation-section\">\n  <style>\n    .donation-section {\n      font-family: system-ui, -apple-system, BlinkMacSystemFont, \"Segoe UI\", sans-serif;\n      max-width: 900px;\n      margin: 0 auto;\n      padding: 2.5rem 1.5rem;\n      line-height: 1.7;\n      color: #1f2933;\n      background: #f9fafb;\n    }\n\n    .donation-card {\n      background: #ffffff;\n      border-radius: 18px;\n      padding: 2rem 2.2rem;\n      box-shadow: 0 18px 45px rgba(15, 23, 42, 0.08);\n      border: 1px solid rgba(148, 163, 184, 0.35);\n    }\n\n    .donation-badge {\n      display: inline-flex;\n      align-items: center;\n      gap: 0.4rem;\n      padding: 0.2rem 0.75rem;\n      border-radius: 999px;\n      font-size: 0.78rem;\n      font-weight: 600;\n      letter-spacing: 0.06em;\n      text-transform: uppercase;\n      background: #fef2f2;\n      color: #b91c1c;\n      margin-bottom: 1rem;\n    }\n\n    .donation-badge span.icon {\n      font-size: 0.9rem;\n    }\n\n    .donation-title {\n      font-size: 1.9rem;\n      font-weight: 700;\n      margin-bottom: 0.75rem;\n      color: #111827;\n    }\n\n    .donation-subtitle {\n      font-size: 1rem;\n      color: #4b5563;\n      margin-bottom: 1.5rem;\n    }\n\n    .donation-highlight {\n      background: linear-gradient(135deg, #eff6ff, #fdf2ff);\n      border-radius: 14px;\n      padding: 1rem 1.2rem;\n      margin-bottom: 1.75rem;\n      border: 1px solid rgba(129, 140, 248, 0.35);\n      font-size: 0.95rem;\n      display: flex;\n      gap: 0.75rem;\n      align-items: flex-start;\n    }\n\n    .donation-highlight-icon {\n      font-size: 1.2rem;\n      margin-top: 0.15rem;\n    }\n\n    .donation-paragraph {\n      margin-bottom: 1rem;\n      font-size: 0.98rem;\n      color: #374151;\n    }\n\n    .donation-paragraph strong {\n      color: #111827;\n    }\n\n    .donation-list-title {\n      margin-top: 1.5rem;\n      margin-bottom: 0.5rem;\n      font-weight: 600;\n      color: #111827;\n    }\n\n    .donation-projects {\n      margin: 0 0 1.75rem 0;\n      padding-left: 1.2rem;\n      list-style: none;\n    }\n\n    .donation-projects li {\n      position: relative;\n      padding-left: 1.4rem;\n      margin-bottom: 0.6rem;\n      font-size: 0.96rem;\n      color: #374151;\n    }\n\n    .donation-projects li::before {\n      content: \"\";\n      position: absolute;\n      left: 0;\n      top: 0.55em;\n      width: 0.5rem;\n      height: 0.5rem;\n      border-radius: 999px;\n      background: radial-gradient(circle at 30% 30%, #6366f1, #ec4899);\n    }\n\n    .donation-cta-box {\n      margin-top: 1.5rem;\n      padding-top: 1.25rem;\n      border-top: 1px dashed #e5e7eb;\n      display: flex;\n      flex-wrap: wrap;\n      gap: 1rem;\n      align-items: center;\n      justify-content: space-between;\n    }\n\n    .donation-cta-text {\n      font-size: 0.95rem;\n      color: #4b5563;\n      max-width: 60ch;\n    }\n\n    .donation-cta-text strong {\n      color: #111827;\n    }\n\n    .donation-button {\n      display: inline-flex;\n      align-items: center;\n      justify-content: center;\n      padding: 0.8rem 1.6rem;\n      border-radius: 999px;\n      border: none;\n      cursor: pointer;\n      font-size: 0.95rem;\n      font-weight: 600;\n      letter-spacing: 0.04em;\n      text-transform: uppercase;\n      text-decoration: none;\n      background: linear-gradient(135deg, #ec4899, #6366f1);\n      color: #ffffff;\n      box-shadow: 0 10px 25px rgba(79, 70, 229, 0.4);\n      transition: transform 0.12s ease, box-shadow 0.12s ease, filter 0.12s ease;\n      white-space: nowrap;\n    }\n\n    .donation-button:hover {\n      transform: translateY(-1px);\n      filter: brightness(1.02);\n      box-shadow: 0 14px 32px rgba(79, 70, 229, 0.45);\n    }\n\n    .donation-button:active {\n      transform: translateY(0);\n      box-shadow: 0 6px 16px rgba(79, 70, 229, 0.35);\n    }\n\n    .donation-button span.icon {\n      margin-left: 0.5rem;\n      font-size: 1.1rem;\n    }\n\n    .donation-footer {\n      margin-top: 1.75rem;\n      font-size: 0.9rem;\n      color: #6b7280;\n    }\n\n    @media (max-width: 640px) {\n      .donation-card {\n        padding: 1.6rem 1.4rem;\n      }\n\n      .donation-title {\n        font-size: 1.5rem;\n      }\n\n      .donation-cta-box {\n        flex-direction: column;\n        align-items: flex-start;\n      }\n\n      .donation-button {\n         width: 100% !important;\n        justify-content: center !important;\n        white-space: normal !important;\n        text-align: center !important;\n        padding: 1rem !important;\n      }\n    }\n  <\/style>\n\n  <div class=\"donation-card\">\n    <div class=\"donation-badge\">\n      <span class=\"icon\">\ud83c\udf97\ufe0f<\/span>\n      <span>Soutenir la recherche<\/span>\n    <\/div>\n\n    <h1 class=\"donation-title\">Soutenez la recherche sur le cancer du sein<\/h1>\n    <p class=\"donation-subtitle\">\n      Votre g\u00e9n\u00e9rosit\u00e9 contribue \u00e0 faire avancer une recherche innovante visant \u00e0 am\u00e9liorer les soins et la qualit\u00e9 de vie des personnes touch\u00e9es par le cancer du sein.\n    <\/p>\n\n    <div class=\"donation-highlight\">\n      <div class=\"donation-highlight-icon\">\ud83d\udca1<\/div>\n      <div>\n        Votre don soutiendra les recherches men\u00e9es par\n        <strong>le Dr Ahmad Kaviani<\/strong> au\n        <strong>Centre hospitalier de l\u2019Universit\u00e9 de Montr\u00e9al (CHUM)<\/strong>\n        et \u00e0 <strong>l\u2019Universit\u00e9 de Montr\u00e9al<\/strong>.\n      <\/div>\n    <\/div>\n\n    <p class=\"donation-paragraph\">\n      Si vous souhaitez contribuer \u00e0 l\u2019avancement de la recherche sur le cancer du sein dirig\u00e9e par\n      <strong>le Dr Ahmad Kaviani<\/strong> au CHUM et \u00e0 l\u2019Universit\u00e9 de Montr\u00e9al, vous pouvez faire un don par l\u2019interm\u00e9diaire de la\n      <strong>Fondation du CHUM<\/strong>.\n    <\/p>\n\n    <p class=\"donation-paragraph\">\n      Lors de votre don, veuillez pr\u00e9ciser que votre contribution est destin\u00e9e \u00e0 soutenir\n      <strong>le programme de recherche du Dr Ahmad Kaviani<\/strong>.\n    <\/p>\n\n    <p class=\"donation-paragraph\">\n      Votre g\u00e9n\u00e9rosit\u00e9 soutiendra directement des \u00e9tudes en cours visant \u00e0 am\u00e9liorer la prise en charge et la qualit\u00e9 de vie des patientes atteintes d\u2019un cancer du sein.\n      Vous pouvez \u00e9galement choisir de consacrer votre don \u00e0 l\u2019un des projets de recherche suivants :\n    <\/p>\n\n    <h3 class=\"donation-list-title\">Projets de recherche en cours :<\/h3>\n    <ul class=\"donation-projects\">\n      <li>Intelligence artificielle et chimioth\u00e9rapie dans le cancer du sein<\/li>\n      <li>Valeur de la mammographie des sp\u00e9cimens chirurgicaux de cancer du sein<\/li>\n      <li>Exploration de l\u2019exp\u00e9rience des patientes apr\u00e8s une reconstruction mammaire post-chirurgicale<\/li>\n      <li>Chirurgie axillaire dans le cancer du sein<\/li>\n    <\/ul>\n\n    <p class=\"donation-paragraph\">\n      Chaque contribution \u2014 grande ou petite \u2014 nous rapproche d\u2019un avenir o\u00f9 les traitements du cancer du sein seront plus personnalis\u00e9s et plus efficaces.\n    <\/p>\n\n    <div class=\"donation-cta-box\">\n      <p class=\"donation-cta-text\">\n        <strong>Pr\u00eat(e) \u00e0 faire une diff\u00e9rence ?<\/strong><br>\n        Vous serez redirig\u00e9(e) vers la page s\u00e9curis\u00e9e de la Fondation du CHUM, o\u00f9 vous pourrez effectuer votre don\n        et pr\u00e9ciser qu\u2019il soutient la recherche du Dr Ahmad Kaviani.\n      <\/p>\n\n      <a href=\"https:\/\/www.fondationduchum.com\" class=\"donation-button\" target=\"_blank\" rel=\"noopener\">\n       Donner au CHUM\n        <span class=\"icon\">\u2197<\/span>\n      <\/a>\n    <\/div>\n\n    <p class=\"donation-footer\">\n      Merci de votre soutien et de votre engagement envers l\u2019am\u00e9lioration de la vie des personnes touch\u00e9es par le cancer du sein.\n    <\/p>\n  <\/div>\n<\/section>\n\n\t\t\t\t\t<\/div>\n\t\t\t\t<\/div>\n\t\t\t\t<\/div>\n\t\t\t\t\t<\/div>\n\t\t<\/div>\n\t\t\t\t\t\t\t<\/div>\n\t\t<\/section>\n\t\t\t\t\t\t\t<\/div>\n\t\t","protected":false},"excerpt":{"rendered":"<p>\ud83c\udf97\ufe0f Soutenir la recherche Soutenez la recherche sur le cancer du sein Votre g\u00e9n\u00e9rosit\u00e9 contribue \u00e0 faire avancer une recherche<\/p>\n","protected":false},"author":1,"featured_media":0,"parent":0,"menu_order":0,"comment_status":"closed","ping_status":"closed","template":"","meta":{"_acf_changed":false,"_monsterinsights_skip_tracking":false,"_monsterinsights_sitenote_active":false,"_monsterinsights_sitenote_note":"","_monsterinsights_sitenote_category":0,"footnotes":""},"class_list":["post-9186","page","type-page","status-publish","hentry"],"acf":[],"aioseo_notices":[],"_links":{"self":[{"href":"https:\/\/dr-kaviani.com\/fr\/wp-json\/wp\/v2\/pages\/9186","targetHints":{"allow":["GET"]}}],"collection":[{"href":"https:\/\/dr-kaviani.com\/fr\/wp-json\/wp\/v2\/pages"}],"about":[{"href":"https:\/\/dr-kaviani.com\/fr\/wp-json\/wp\/v2\/types\/page"}],"author":[{"embeddable":true,"href":"https:\/\/dr-kaviani.com\/fr\/wp-json\/wp\/v2\/users\/1"}],"replies":[{"embeddable":true,"href":"https:\/\/dr-kaviani.com\/fr\/wp-json\/wp\/v2\/comments?post=9186"}],"version-history":[{"count":10,"href":"https:\/\/dr-kaviani.com\/fr\/wp-json\/wp\/v2\/pages\/9186\/revisions"}],"predecessor-version":[{"id":9210,"href":"https:\/\/dr-kaviani.com\/fr\/wp-json\/wp\/v2\/pages\/9186\/revisions\/9210"}],"wp:attachment":[{"href":"https:\/\/dr-kaviani.com\/fr\/wp-json\/wp\/v2\/media?parent=9186"}],"curies":[{"name":"wp","href":"https:\/\/api.w.org\/{rel}","templated":true}]}}